{"id":1265,"date":"2021-02-06T14:20:03","date_gmt":"2021-02-06T14:20:03","guid":{"rendered":"http:\/\/juandelgadoserrano.com\/?page_id=1265"},"modified":"2021-10-01T11:17:21","modified_gmt":"2021-10-01T11:17:21","slug":"media","status":"publish","type":"page","link":"https:\/\/juandelgadoserrano.com\/index.php\/media\/","title":{"rendered":"Media"},"content":{"rendered":"\t\t<div data-elementor-type=\"wp-page\" data-elementor-id=\"1265\" class=\"elementor elementor-1265\">\n\t\t\t\t\t\t\t\t\t<section class=\"elementor-section elementor-top-section elementor-element elementor-element-289f598 elementor-section-boxed elementor-section-height-default elementor-section-height-default\" data-id=\"289f598\" data-element_type=\"section\">\n\t\t\t\t\t\t<div class=\"elementor-container elementor-column-gap-default\">\n\t\t\t\t\t<div class=\"elementor-column elementor-col-100 elementor-top-column elementor-element elementor-element-123b946\" data-id=\"123b946\" data-element_type=\"column\">\n\t\t\t<div class=\"elementor-widget-wrap elementor-element-populated\">\n\t\t\t\t\t\t\t\t<div class=\"elementor-element elementor-element-2dc2821a elementor-widget elementor-widget-text-editor\" data-id=\"2dc2821a\" data-element_type=\"widget\" data-widget_type=\"text-editor.default\">\n\t\t\t\t<div class=\"elementor-widget-container\">\n\t\t\t\t\t\t\t<!-- wp:themeisle-blocks\/advanced-columns {\"id\":\"wp-block-themeisle-blocks-advanced-columns-433365d8\"} -->\n<div class=\"wp-block-themeisle-blocks-advanced-columns has-undefined-columns has-desktop-undefined-layout has-tablet-equal-layout has-mobile-equal-layout has-default-gap has-vertical-unset\" id=\"wp-block-themeisle-blocks-advanced-columns-433365d8\"><div class=\"wp-block-themeisle-blocks-advanced-columns-overlay\"><\/div><div class=\"innerblocks-wrap\"><\/div><\/div>\n<!-- \/wp:themeisle-blocks\/advanced-columns -->\t\t\t\t\t\t<\/div>\n\t\t\t\t<\/div>\n\t\t\t\t\t<\/div>\n\t\t<\/div>\n\t\t\t\t\t\t\t<\/div>\n\t\t<\/section>\n\t\t\t\t<section class=\"elementor-section elementor-top-section elementor-element elementor-element-f231ec8 elementor-section-boxed elementor-section-height-default elementor-section-height-default\" data-id=\"f231ec8\" data-element_type=\"section\">\n\t\t\t\t\t\t<div class=\"elementor-container elementor-column-gap-default\">\n\t\t\t\t\t<div class=\"elementor-column elementor-col-100 elementor-top-column elementor-element elementor-element-3c1e9de\" data-id=\"3c1e9de\" data-element_type=\"column\">\n\t\t\t<div class=\"elementor-widget-wrap elementor-element-populated\">\n\t\t\t\t\t\t\t\t<div class=\"elementor-element elementor-element-9f6bbaa elementor-widget-divider--view-line elementor-widget elementor-widget-divider\" data-id=\"9f6bbaa\" data-element_type=\"widget\" data-widget_type=\"divider.default\">\n\t\t\t\t<div class=\"elementor-widget-container\">\n\t\t\t\t\t<div class=\"elementor-divider\">\n\t\t\t<span class=\"elementor-divider-separator\">\n\t\t\t\t\t\t<\/span>\n\t\t<\/div>\n\t\t\t\t<\/div>\n\t\t\t\t<\/div>\n\t\t\t\t<div class=\"elementor-element elementor-element-149a7f0 elementor-widget elementor-widget-heading\" data-id=\"149a7f0\" data-element_type=\"widget\" data-widget_type=\"heading.default\">\n\t\t\t\t<div class=\"elementor-widget-container\">\n\t\t\t<p class=\"elementor-heading-title elementor-size-default\">news, interviews and more<\/p>\t\t<\/div>\n\t\t\t\t<\/div>\n\t\t\t\t<div class=\"elementor-element elementor-element-6be15a6 elementor-widget elementor-widget-heading\" data-id=\"6be15a6\" data-element_type=\"widget\" data-widget_type=\"heading.default\">\n\t\t\t\t<div class=\"elementor-widget-container\">\n\t\t\t<h2 class=\"elementor-heading-title elementor-size-default\">MEDIA<\/h2>\t\t<\/div>\n\t\t\t\t<\/div>\n\t\t\t\t<div class=\"elementor-element elementor-element-83afc1b elementor-widget-divider--view-line elementor-widget elementor-widget-divider\" data-id=\"83afc1b\" data-element_type=\"widget\" data-widget_type=\"divider.default\">\n\t\t\t\t<div class=\"elementor-widget-container\">\n\t\t\t\t\t<div class=\"elementor-divider\">\n\t\t\t<span class=\"elementor-divider-separator\">\n\t\t\t\t\t\t<\/span>\n\t\t<\/div>\n\t\t\t\t<\/div>\n\t\t\t\t<\/div>\n\t\t\t\t\t<\/div>\n\t\t<\/div>\n\t\t\t\t\t\t\t<\/div>\n\t\t<\/section>\n\t\t\t\t<section class=\"elementor-section elementor-top-section elementor-element elementor-element-e600b2b elementor-section-boxed elementor-section-height-default elementor-section-height-default\" data-id=\"e600b2b\" data-element_type=\"section\">\n\t\t\t\t\t\t<div class=\"elementor-container elementor-column-gap-default\">\n\t\t\t\t\t<div class=\"elementor-column elementor-col-100 elementor-top-column elementor-element elementor-element-e673d02\" data-id=\"e673d02\" data-element_type=\"column\">\n\t\t\t<div class=\"elementor-widget-wrap elementor-element-populated\">\n\t\t\t\t\t\t\t\t<div class=\"elementor-element elementor-element-9bb3628 elementor-widget elementor-widget-text-editor\" data-id=\"9bb3628\" data-element_type=\"widget\" data-widget_type=\"text-editor.default\">\n\t\t\t\t<div class=\"elementor-widget-container\">\n\t\t\t\t\t\t\t<p>7 Septiembre 2021 &#8211; HAY Festival Segovia<\/p>\n<p><strong><span class=\"tlt_great\">Juan Delgado y Sheila Blanco en conversaci\u00f3n: M\u00fasica, Cultura y Tradiciones en la Espa\u00f1a vac\u00eda\u00a0\u00a0 <a href=\"https:\/\/www.hayfestival.com\/p-18123-juan-delgado-and-sheila-blanco-in-conversation.aspx\" target=\"_blank\" rel=\"noopener\">ENLACE<\/a><\/span><\/strong><\/p>\n<p>\u00a0<\/p>\t\t\t\t\t\t<\/div>\n\t\t\t\t<\/div>\n\t\t\t\t<div class=\"elementor-element elementor-element-216f6e9 elementor-widget-divider--separator-type-pattern elementor-widget-divider--view-line elementor-widget elementor-widget-divider\" data-id=\"216f6e9\" data-element_type=\"widget\" data-widget_type=\"divider.default\">\n\t\t\t\t<div class=\"elementor-widget-container\">\n\t\t\t\t\t<div class=\"elementor-divider\" style=\"--divider-pattern-url: url(&quot;data:image\/svg+xml,%3Csvg xmlns=&#039;http:\/\/www.w3.org\/2000\/svg&#039; preserveAspectRatio=&#039;none&#039; overflow=&#039;visible&#039; height=&#039;100%&#039; viewBox=&#039;0 0 20 16&#039; fill=&#039;none&#039; stroke=&#039;black&#039; stroke-width=&#039;1&#039; stroke-linecap=&#039;square&#039; stroke-miterlimit=&#039;10&#039;%3E%3Cg transform=&#039;translate(-12.000000, 0)&#039;%3E%3Cpath d=&#039;M28,0L10,18&#039;\/%3E%3Cpath d=&#039;M18,0L0,18&#039;\/%3E%3Cpath d=&#039;M48,0L30,18&#039;\/%3E%3Cpath d=&#039;M38,0L20,18&#039;\/%3E%3C\/g%3E%3C\/svg%3E&quot;);\">\n\t\t\t<span class=\"elementor-divider-separator\">\n\t\t\t\t\t\t<\/span>\n\t\t<\/div>\n\t\t\t\t<\/div>\n\t\t\t\t<\/div>\n\t\t\t\t\t<\/div>\n\t\t<\/div>\n\t\t\t\t\t\t\t<\/div>\n\t\t<\/section>\n\t\t\t\t<section class=\"elementor-section elementor-top-section elementor-element elementor-element-20a8980 elementor-section-boxed elementor-section-height-default elementor-section-height-default\" data-id=\"20a8980\" data-element_type=\"section\">\n\t\t\t\t\t\t<div class=\"elementor-container elementor-column-gap-default\">\n\t\t\t\t\t<div class=\"elementor-column elementor-col-100 elementor-top-column elementor-element elementor-element-95e1ff7\" data-id=\"95e1ff7\" data-element_type=\"column\">\n\t\t\t<div class=\"elementor-widget-wrap elementor-element-populated\">\n\t\t\t\t\t\t\t\t<div class=\"elementor-element elementor-element-7dc679c elementor-widget elementor-widget-text-editor\" data-id=\"7dc679c\" data-element_type=\"widget\" data-widget_type=\"text-editor.default\">\n\t\t\t\t<div class=\"elementor-widget-container\">\n\t\t\t\t\t\t\t<p>23 Noviembre 2020 &#8211; Final del XXXI Premio J\u00f3venes Compositores Fundaci\u00f3n SGAE-CNDM<\/p>\n<p><strong><span class=\"tlt_great\">Juan Delgado, ganador del XXXI Premio J\u00f3venes Compositores Fundaci\u00f3n SGAE-CNDM\u00a0 <a href=\"http:\/\/fundacionsgae.org\/es-ES\/SitePages\/PremiosDetalle.aspx?i=201\" target=\"_blank\" rel=\"noopener\">ENLACE<\/a><\/span><\/strong><\/p>\n<p><iframe loading=\"lazy\" src=\"https:\/\/www.youtube.com\/embed\/A5VsK65zVJ0\" width=\"560\" height=\"315\" frameborder=\"0\" allowfullscreen=\"allowfullscreen\"><\/iframe><\/p>\t\t\t\t\t\t<\/div>\n\t\t\t\t<\/div>\n\t\t\t\t\t<\/div>\n\t\t<\/div>\n\t\t\t\t\t\t\t<\/div>\n\t\t<\/section>\n\t\t\t\t<section class=\"elementor-section elementor-top-section elementor-element elementor-element-8fd7499 elementor-section-boxed elementor-section-height-default elementor-section-height-default\" data-id=\"8fd7499\" data-element_type=\"section\">\n\t\t\t\t\t\t<div class=\"elementor-container elementor-column-gap-default\">\n\t\t\t\t\t<div class=\"elementor-column elementor-col-100 elementor-top-column elementor-element elementor-element-48d2433\" data-id=\"48d2433\" data-element_type=\"column\">\n\t\t\t<div class=\"elementor-widget-wrap elementor-element-populated\">\n\t\t\t\t\t\t\t\t<div class=\"elementor-element elementor-element-da69876 elementor-widget elementor-widget-image\" data-id=\"da69876\" data-element_type=\"widget\" data-widget_type=\"image.default\">\n\t\t\t\t<div class=\"elementor-widget-container\">\n\t\t\t\t\t\t\t\t\t\t\t\t\t\t\t<img width=\"780\" height=\"1024\" src=\"https:\/\/juandelgadoserrano.com\/wp-content\/uploads\/2021\/02\/PremioComposicio\u0301n-copia-780x1024.jpg\" class=\"attachment-large size-large wp-image-1273\" alt=\"\" loading=\"lazy\" srcset=\"https:\/\/juandelgadoserrano.com\/wp-content\/uploads\/2021\/02\/PremioComposicio\u0301n-copia-780x1024.jpg 780w, https:\/\/juandelgadoserrano.com\/wp-content\/uploads\/2021\/02\/PremioComposicio\u0301n-copia-229x300.jpg 229w, https:\/\/juandelgadoserrano.com\/wp-content\/uploads\/2021\/02\/PremioComposicio\u0301n-copia-768x1008.jpg 768w, https:\/\/juandelgadoserrano.com\/wp-content\/uploads\/2021\/02\/PremioComposicio\u0301n-copia-1170x1536.jpg 1170w, https:\/\/juandelgadoserrano.com\/wp-content\/uploads\/2021\/02\/PremioComposicio\u0301n-copia-1561x2048.jpg 1561w, https:\/\/juandelgadoserrano.com\/wp-content\/uploads\/2021\/02\/PremioComposicio\u0301n-copia-830x1089.jpg 830w, https:\/\/juandelgadoserrano.com\/wp-content\/uploads\/2021\/02\/PremioComposicio\u0301n-copia-230x302.jpg 230w, https:\/\/juandelgadoserrano.com\/wp-content\/uploads\/2021\/02\/PremioComposicio\u0301n-copia-350x459.jpg 350w, https:\/\/juandelgadoserrano.com\/wp-content\/uploads\/2021\/02\/PremioComposicio\u0301n-copia-480x630.jpg 480w, https:\/\/juandelgadoserrano.com\/wp-content\/uploads\/2021\/02\/PremioComposicio\u0301n-copia.jpg 1598w\" sizes=\"(max-width: 780px) 100vw, 780px\" \/>\t\t\t\t\t\t\t\t\t\t\t\t\t\t\t<\/div>\n\t\t\t\t<\/div>\n\t\t\t\t<div class=\"elementor-element elementor-element-40f9766 elementor-widget elementor-widget-text-editor\" data-id=\"40f9766\" data-element_type=\"widget\" data-widget_type=\"text-editor.default\">\n\t\t\t\t<div class=\"elementor-widget-container\">\n\t\t\t\t\t\t\t<iframe loading=\"lazy\" width=\"560\" height=\"315\" src=\"https:\/\/www.youtube.com\/embed\/eKQnOoVzNFA\" frameborder=\"0\" allow=\"accelerometer; autoplay; clipboard-write; encrypted-media; gyroscope; picture-in-picture\" allowfullscreen><\/iframe>\t\t\t\t\t\t<\/div>\n\t\t\t\t<\/div>\n\t\t\t\t\t<\/div>\n\t\t<\/div>\n\t\t\t\t\t\t\t<\/div>\n\t\t<\/section>\n\t\t\t\t\t\t\t<\/div>\n\t\t","protected":false},"excerpt":{"rendered":"<p>news, interviews and more MEDIA 7 Septiembre 2021 &#8211; HAY Festival Segovia [&hellip;]<\/p>\n","protected":false},"author":1,"featured_media":0,"parent":0,"menu_order":0,"comment_status":"closed","ping_status":"closed","template":"page-templates\/page_front-page.php","meta":[],"yoast_head":"<!-- This site is optimized with the Yoast SEO plugin v19.10 - https:\/\/yoast.com\/wordpress\/plugins\/seo\/ -->\n<title>Juan Delgado<\/title>\n<meta name=\"robots\" content=\"index, follow, max-snippet:-1, max-image-preview:large, max-video-preview:-1\" \/>\n<link rel=\"canonical\" href=\"https:\/\/juandelgadoserrano.com\/index.php\/media\/\" \/>\n<meta property=\"og:locale\" content=\"en_US\" \/>\n<meta property=\"og:type\" content=\"article\" \/>\n<meta property=\"og:title\" content=\"Juan Delgado\" \/>\n<meta property=\"og:description\" content=\"news, interviews and more MEDIA 7 Septiembre 2021 &#8211; HAY Festival Segovia [&hellip;]\" \/>\n<meta property=\"og:url\" content=\"https:\/\/juandelgadoserrano.com\/index.php\/media\/\" \/>\n<meta property=\"og:site_name\" content=\"Juan Delgado\" \/>\n<meta property=\"article:modified_time\" content=\"2021-10-01T11:17:21+00:00\" \/>\n<meta name=\"twitter:card\" content=\"summary_large_image\" \/>\n<meta name=\"twitter:label1\" content=\"Est. reading time\" \/>\n\t<meta name=\"twitter:data1\" content=\"1 minute\" \/>\n<script type=\"application\/ld+json\" class=\"yoast-schema-graph\">{\"@context\":\"https:\/\/schema.org\",\"@graph\":[{\"@type\":\"WebPage\",\"@id\":\"https:\/\/juandelgadoserrano.com\/index.php\/media\/\",\"url\":\"https:\/\/juandelgadoserrano.com\/index.php\/media\/\",\"name\":\"Juan Delgado\",\"isPartOf\":{\"@id\":\"https:\/\/juandelgadoserrano.com\/#website\"},\"datePublished\":\"2021-02-06T14:20:03+00:00\",\"dateModified\":\"2021-10-01T11:17:21+00:00\",\"inLanguage\":\"en-US\",\"potentialAction\":[{\"@type\":\"ReadAction\",\"target\":[\"https:\/\/juandelgadoserrano.com\/index.php\/media\/\"]}]},{\"@type\":\"WebSite\",\"@id\":\"https:\/\/juandelgadoserrano.com\/#website\",\"url\":\"https:\/\/juandelgadoserrano.com\/\",\"name\":\"Juan Delgado\",\"description\":\"Musician. Composer. Producer\",\"publisher\":{\"@id\":\"https:\/\/juandelgadoserrano.com\/#\/schema\/person\/0171da5800067ffb1b451e84f2eed04b\"},\"inLanguage\":\"en-US\"},{\"@type\":[\"Person\",\"Organization\"],\"@id\":\"https:\/\/juandelgadoserrano.com\/#\/schema\/person\/0171da5800067ffb1b451e84f2eed04b\",\"name\":\"admin\",\"image\":{\"@type\":\"ImageObject\",\"inLanguage\":\"en-US\",\"@id\":\"https:\/\/juandelgadoserrano.com\/#\/schema\/person\/image\/\",\"url\":\"http:\/\/juandelgadoserrano.com\/wp-content\/uploads\/2020\/07\/carreterasmuertasweb-120.jpg\",\"contentUrl\":\"http:\/\/juandelgadoserrano.com\/wp-content\/uploads\/2020\/07\/carreterasmuertasweb-120.jpg\",\"width\":960,\"height\":640,\"caption\":\"admin\"},\"logo\":{\"@id\":\"https:\/\/juandelgadoserrano.com\/#\/schema\/person\/image\/\"}}]}<\/script>\n<!-- \/ Yoast SEO plugin. -->","yoast_head_json":{"title":"Juan Delgado","robots":{"index":"index","follow":"follow","max-snippet":"max-snippet:-1","max-image-preview":"max-image-preview:large","max-video-preview":"max-video-preview:-1"},"canonical":"https:\/\/juandelgadoserrano.com\/index.php\/media\/","og_locale":"en_US","og_type":"article","og_title":"Juan Delgado","og_description":"news, interviews and more MEDIA 7 Septiembre 2021 &#8211; HAY Festival Segovia [&hellip;]","og_url":"https:\/\/juandelgadoserrano.com\/index.php\/media\/","og_site_name":"Juan Delgado","article_modified_time":"2021-10-01T11:17:21+00:00","twitter_card":"summary_large_image","twitter_misc":{"Est. reading time":"1 minute"},"schema":{"@context":"https:\/\/schema.org","@graph":[{"@type":"WebPage","@id":"https:\/\/juandelgadoserrano.com\/index.php\/media\/","url":"https:\/\/juandelgadoserrano.com\/index.php\/media\/","name":"Juan Delgado","isPartOf":{"@id":"https:\/\/juandelgadoserrano.com\/#website"},"datePublished":"2021-02-06T14:20:03+00:00","dateModified":"2021-10-01T11:17:21+00:00","inLanguage":"en-US","potentialAction":[{"@type":"ReadAction","target":["https:\/\/juandelgadoserrano.com\/index.php\/media\/"]}]},{"@type":"WebSite","@id":"https:\/\/juandelgadoserrano.com\/#website","url":"https:\/\/juandelgadoserrano.com\/","name":"Juan Delgado","description":"Musician. Composer. Producer","publisher":{"@id":"https:\/\/juandelgadoserrano.com\/#\/schema\/person\/0171da5800067ffb1b451e84f2eed04b"},"inLanguage":"en-US"},{"@type":["Person","Organization"],"@id":"https:\/\/juandelgadoserrano.com\/#\/schema\/person\/0171da5800067ffb1b451e84f2eed04b","name":"admin","image":{"@type":"ImageObject","inLanguage":"en-US","@id":"https:\/\/juandelgadoserrano.com\/#\/schema\/person\/image\/","url":"http:\/\/juandelgadoserrano.com\/wp-content\/uploads\/2020\/07\/carreterasmuertasweb-120.jpg","contentUrl":"http:\/\/juandelgadoserrano.com\/wp-content\/uploads\/2020\/07\/carreterasmuertasweb-120.jpg","width":960,"height":640,"caption":"admin"},"logo":{"@id":"https:\/\/juandelgadoserrano.com\/#\/schema\/person\/image\/"}}]}},"_links":{"self":[{"href":"https:\/\/juandelgadoserrano.com\/index.php\/wp-json\/wp\/v2\/pages\/1265"}],"collection":[{"href":"https:\/\/juandelgadoserrano.com\/index.php\/wp-json\/wp\/v2\/pages"}],"about":[{"href":"https:\/\/juandelgadoserrano.com\/index.php\/wp-json\/wp\/v2\/types\/page"}],"author":[{"embeddable":true,"href":"https:\/\/juandelgadoserrano.com\/index.php\/wp-json\/wp\/v2\/users\/1"}],"replies":[{"embeddable":true,"href":"https:\/\/juandelgadoserrano.com\/index.php\/wp-json\/wp\/v2\/comments?post=1265"}],"version-history":[{"count":20,"href":"https:\/\/juandelgadoserrano.com\/index.php\/wp-json\/wp\/v2\/pages\/1265\/revisions"}],"predecessor-version":[{"id":1391,"href":"https:\/\/juandelgadoserrano.com\/index.php\/wp-json\/wp\/v2\/pages\/1265\/revisions\/1391"}],"wp:attachment":[{"href":"https:\/\/juandelgadoserrano.com\/index.php\/wp-json\/wp\/v2\/media?parent=1265"}],"curies":[{"name":"wp","href":"https:\/\/api.w.org\/{rel}","templated":true}]}}